{"id":69,"date":"2020-01-27T08:05:29","date_gmt":"2020-01-27T08:05:29","guid":{"rendered":"https:\/\/demosites.io\/web-agency-gb\/?page_id=69"},"modified":"2025-04-22T09:29:53","modified_gmt":"2025-04-22T09:29:53","slug":"15c42-web-agency-gb-portfolio","status":"publish","type":"page","link":"https:\/\/projatechnology.com\/en\/15c42-web-agency-gb-portfolio\/","title":{"rendered":"Our works"},"content":{"rendered":"<div id=\"wp-block-themeisle-blocks-advanced-columns-678cc482\" class=\"wp-block-themeisle-blocks-advanced-columns alignfull has-1-columns has-desktop-equal-layout has-tablet-equal-layout has-mobile-collapsedRows-layout has-reverse-columns-mobile has-vertical-bottom ticss-c00aadba\"><div class=\"wp-block-themeisle-blocks-advanced-columns-overlay\"><\/div><div class=\"innerblocks-wrap\">\n<div id=\"wp-block-themeisle-blocks-advanced-column-4d412c51\" class=\"wp-block-themeisle-blocks-advanced-column\">\n<h2 id=\"wp-block-themeisle-blocks-advanced-heading-fb3c7a39\" class=\"wp-block-themeisle-blocks-advanced-heading wp-block-themeisle-blocks-advanced-heading-fb3c7a39\">Our Work<\/h2>\n\n\n\n<p class=\"has-text-align-center has-text-color\" style=\"color:#fefefe\">Each project is an opportunity to show our creativity, technical skill, and commitment to excellence. We specialize in the creation of web pages that not only comply with high quality standards, but also exceed the expectations of our customers.<\/p>\n<\/div>\n<\/div><\/div>\n\n\n\n<div style=\"height:29px\" aria-hidden=\"true\" class=\"wp-block-spacer\"><\/div>\n\n\n\n<h2 class=\"wp-block-heading has-text-align-center\">WEB PROJECTS<\/h2>\n\n\n\n<div class=\"wp-block-columns is-layout-flex wp-container-core-columns-is-layout-9d6595d7 wp-block-columns-is-layout-flex\">\n<div class=\"wp-block-column is-layout-flow wp-block-column-is-layout-flow\"><div class=\"wp-block-image is-style-rounded\">\n<figure class=\"aligncenter size-full\"><img data-opt-id=539221435  fetchpriority=\"high\" decoding=\"async\" width=\"500\" height=\"500\" src=\"https:\/\/mliy0g0obm4u.i.optimole.com\/w:auto\/h:auto\/q:mauto\/ig:avif\/https:\/\/projatechnology.com\/wp-content\/uploads\/2024\/12\/Black-Circle-Icon-Business-Logo.png\" alt=\"\" class=\"wp-image-410\" style=\"aspect-ratio:2\/3;object-fit:contain\" srcset=\"https:\/\/mliy0g0obm4u.i.optimole.com\/w:500\/h:500\/q:mauto\/ig:avif\/https:\/\/projatechnology.com\/wp-content\/uploads\/2024\/12\/Black-Circle-Icon-Business-Logo.png 500w, https:\/\/mliy0g0obm4u.i.optimole.com\/w:300\/h:300\/q:mauto\/ig:avif\/https:\/\/projatechnology.com\/wp-content\/uploads\/2024\/12\/Black-Circle-Icon-Business-Logo.png 300w, https:\/\/mliy0g0obm4u.i.optimole.com\/w:150\/h:150\/q:mauto\/ig:avif\/https:\/\/projatechnology.com\/wp-content\/uploads\/2024\/12\/Black-Circle-Icon-Business-Logo.png 150w\" sizes=\"(max-width: 500px) 100vw, 500px\" \/><\/figure>\n<\/div>\n\n\n<h3 class=\"wp-block-heading has-text-align-center\">XEREZ CD<\/h3>\n\n\n<div class=\"wp-block-image is-style-rounded\">\n<figure class=\"aligncenter size-full\"><img data-opt-id=1190243277  fetchpriority=\"high\" decoding=\"async\" width=\"1080\" height=\"1080\" src=\"https:\/\/mliy0g0obm4u.i.optimole.com\/w:auto\/h:auto\/q:mauto\/ig:avif\/https:\/\/projatechnology.com\/wp-content\/uploads\/2025\/04\/452259425_1167638021078505_64898568249739132_n-1.jpg\" alt=\"\" class=\"wp-image-1302\" style=\"aspect-ratio:2\/3;object-fit:contain\" srcset=\"https:\/\/mliy0g0obm4u.i.optimole.com\/w:1080\/h:1080\/q:mauto\/ig:avif\/https:\/\/projatechnology.com\/wp-content\/uploads\/2025\/04\/452259425_1167638021078505_64898568249739132_n-1.jpg 1080w, https:\/\/mliy0g0obm4u.i.optimole.com\/w:300\/h:300\/q:mauto\/ig:avif\/https:\/\/projatechnology.com\/wp-content\/uploads\/2025\/04\/452259425_1167638021078505_64898568249739132_n-1.jpg 300w, https:\/\/mliy0g0obm4u.i.optimole.com\/w:1024\/h:1024\/q:mauto\/ig:avif\/https:\/\/projatechnology.com\/wp-content\/uploads\/2025\/04\/452259425_1167638021078505_64898568249739132_n-1.jpg 1024w, https:\/\/mliy0g0obm4u.i.optimole.com\/w:150\/h:150\/q:mauto\/ig:avif\/https:\/\/projatechnology.com\/wp-content\/uploads\/2025\/04\/452259425_1167638021078505_64898568249739132_n-1.jpg 150w, https:\/\/mliy0g0obm4u.i.optimole.com\/w:768\/h:768\/q:mauto\/ig:avif\/https:\/\/projatechnology.com\/wp-content\/uploads\/2025\/04\/452259425_1167638021078505_64898568249739132_n-1.jpg 768w, https:\/\/mliy0g0obm4u.i.optimole.com\/w:12\/h:12\/q:mauto\/ig:avif\/dpr:2\/https:\/\/projatechnology.com\/wp-content\/uploads\/2025\/04\/452259425_1167638021078505_64898568249739132_n-1.jpg 12w\" sizes=\"(max-width: 1080px) 100vw, 1080px\" \/><\/figure>\n<\/div>\n\n\n<h3 class=\"wp-block-heading has-text-align-center\">PALATE ANDALUSIAN<\/h3>\n\n\n\n<div style=\"height:30px\" aria-hidden=\"true\" class=\"wp-block-spacer\"><\/div>\n<\/div>\n\n\n\n<div class=\"wp-block-column is-vertically-aligned-top is-layout-flow wp-block-column-is-layout-flow\"><div class=\"wp-block-image is-style-rounded\">\n<figure class=\"aligncenter size-full\"><img data-opt-id=1586822631  data-opt-src=\"https:\/\/mliy0g0obm4u.i.optimole.com\/w:auto\/h:auto\/q:mauto\/ig:avif\/https:\/\/projatechnology.com\/wp-content\/uploads\/2024\/12\/Black-Circle-Icon-Business-Logo-2.png\"  decoding=\"async\" width=\"500\" height=\"500\" src=\"data:image/svg+xml,%3Csvg%20viewBox%3D%220%200%20100%%20100%%22%20width%3D%22100%%22%20height%3D%22100%%22%20xmlns%3D%22http%3A%2F%2Fwww.w3.org%2F2000%2Fsvg%22%3E%3Crect%20width%3D%22100%%22%20height%3D%22100%%22%20fill%3D%22transparent%22%2F%3E%3C%2Fsvg%3E\" alt=\"\" class=\"wp-image-412\" style=\"aspect-ratio:2\/3;object-fit:contain\" old-srcset=\"https:\/\/mliy0g0obm4u.i.optimole.com\/w:500\/h:500\/q:mauto\/ig:avif\/https:\/\/projatechnology.com\/wp-content\/uploads\/2024\/12\/Black-Circle-Icon-Business-Logo-2.png 500w, https:\/\/mliy0g0obm4u.i.optimole.com\/w:300\/h:300\/q:mauto\/ig:avif\/https:\/\/projatechnology.com\/wp-content\/uploads\/2024\/12\/Black-Circle-Icon-Business-Logo-2.png 300w, https:\/\/mliy0g0obm4u.i.optimole.com\/w:150\/h:150\/q:mauto\/ig:avif\/https:\/\/projatechnology.com\/wp-content\/uploads\/2024\/12\/Black-Circle-Icon-Business-Logo-2.png 150w\" \/><\/figure>\n<\/div>\n\n\n<h3 class=\"wp-block-heading has-text-align-center\">ABAREY SHOP<\/h3>\n\n\n<div class=\"wp-block-image is-style-rounded\">\n<figure class=\"aligncenter size-full\"><img data-opt-id=1618380777  data-opt-src=\"https:\/\/mliy0g0obm4u.i.optimole.com\/w:auto\/h:auto\/q:mauto\/ig:avif\/https:\/\/projatechnology.com\/wp-content\/uploads\/2025\/04\/carnicas.png\"  loading=\"lazy\" decoding=\"async\" width=\"500\" height=\"500\" src=\"data:image/svg+xml,%3Csvg%20viewBox%3D%220%200%20100%%20100%%22%20width%3D%22100%%22%20height%3D%22100%%22%20xmlns%3D%22http%3A%2F%2Fwww.w3.org%2F2000%2Fsvg%22%3E%3Crect%20width%3D%22100%%22%20height%3D%22100%%22%20fill%3D%22transparent%22%2F%3E%3C%2Fsvg%3E\" alt=\"\" class=\"wp-image-1307\" style=\"aspect-ratio:2\/3;object-fit:contain\" old-srcset=\"https:\/\/mliy0g0obm4u.i.optimole.com\/w:500\/h:500\/q:mauto\/ig:avif\/https:\/\/projatechnology.com\/wp-content\/uploads\/2025\/04\/carnicas.png 500w, https:\/\/mliy0g0obm4u.i.optimole.com\/w:300\/h:300\/q:mauto\/ig:avif\/https:\/\/projatechnology.com\/wp-content\/uploads\/2025\/04\/carnicas.png 300w, https:\/\/mliy0g0obm4u.i.optimole.com\/w:150\/h:150\/q:mauto\/ig:avif\/https:\/\/projatechnology.com\/wp-content\/uploads\/2025\/04\/carnicas.png 150w, https:\/\/mliy0g0obm4u.i.optimole.com\/w:12\/h:12\/q:mauto\/ig:avif\/dpr:2\/https:\/\/projatechnology.com\/wp-content\/uploads\/2025\/04\/carnicas.png 12w\" \/><\/figure>\n<\/div>\n\n\n<h3 class=\"wp-block-heading has-text-align-center\">CARNICAS LUGO<\/h3>\n\n\n\n<div style=\"height:30px\" aria-hidden=\"true\" class=\"wp-block-spacer\"><\/div>\n<\/div>\n\n\n\n<div class=\"wp-block-column is-layout-flow wp-block-column-is-layout-flow\"><div class=\"wp-block-image is-style-rounded\">\n<figure class=\"aligncenter size-full\"><img data-opt-id=272582370  data-opt-src=\"https:\/\/mliy0g0obm4u.i.optimole.com\/w:auto\/h:auto\/q:mauto\/ig:avif\/https:\/\/projatechnology.com\/wp-content\/uploads\/2024\/12\/Black-Circle-Icon-Business-Logo-1.png\"  loading=\"lazy\" decoding=\"async\" width=\"500\" height=\"500\" src=\"data:image/svg+xml,%3Csvg%20viewBox%3D%220%200%20100%%20100%%22%20width%3D%22100%%22%20height%3D%22100%%22%20xmlns%3D%22http%3A%2F%2Fwww.w3.org%2F2000%2Fsvg%22%3E%3Crect%20width%3D%22100%%22%20height%3D%22100%%22%20fill%3D%22transparent%22%2F%3E%3C%2Fsvg%3E\" alt=\"\" class=\"wp-image-411\" style=\"aspect-ratio:2\/3;object-fit:contain\" old-srcset=\"https:\/\/mliy0g0obm4u.i.optimole.com\/w:500\/h:500\/q:mauto\/ig:avif\/https:\/\/projatechnology.com\/wp-content\/uploads\/2024\/12\/Black-Circle-Icon-Business-Logo-1.png 500w, https:\/\/mliy0g0obm4u.i.optimole.com\/w:300\/h:300\/q:mauto\/ig:avif\/https:\/\/projatechnology.com\/wp-content\/uploads\/2024\/12\/Black-Circle-Icon-Business-Logo-1.png 300w, https:\/\/mliy0g0obm4u.i.optimole.com\/w:150\/h:150\/q:mauto\/ig:avif\/https:\/\/projatechnology.com\/wp-content\/uploads\/2024\/12\/Black-Circle-Icon-Business-Logo-1.png 150w\" \/><\/figure>\n<\/div>\n\n\n<h3 class=\"wp-block-heading has-text-align-center\">TRAVEL SANTA MONA<\/h3>\n\n\n<div class=\"wp-block-image is-style-rounded wp-duotone-blue-red\">\n<figure class=\"aligncenter size-full\"><img data-opt-id=2052893025  data-opt-src=\"https:\/\/mliy0g0obm4u.i.optimole.com\/w:auto\/h:auto\/q:mauto\/ig:avif\/https:\/\/projatechnology.com\/wp-content\/uploads\/2025\/04\/talleresjsan.png\"  loading=\"lazy\" decoding=\"async\" width=\"500\" height=\"500\" src=\"data:image/svg+xml,%3Csvg%20viewBox%3D%220%200%20100%%20100%%22%20width%3D%22100%%22%20height%3D%22100%%22%20xmlns%3D%22http%3A%2F%2Fwww.w3.org%2F2000%2Fsvg%22%3E%3Crect%20width%3D%22100%%22%20height%3D%22100%%22%20fill%3D%22transparent%22%2F%3E%3C%2Fsvg%3E\" alt=\"\" class=\"wp-image-1297\" style=\"aspect-ratio:2\/3;object-fit:contain\" old-srcset=\"https:\/\/mliy0g0obm4u.i.optimole.com\/w:500\/h:500\/q:mauto\/ig:avif\/https:\/\/projatechnology.com\/wp-content\/uploads\/2025\/04\/talleresjsan.png 500w, https:\/\/mliy0g0obm4u.i.optimole.com\/w:300\/h:300\/q:mauto\/ig:avif\/https:\/\/projatechnology.com\/wp-content\/uploads\/2025\/04\/talleresjsan.png 300w, https:\/\/mliy0g0obm4u.i.optimole.com\/w:150\/h:150\/q:mauto\/ig:avif\/https:\/\/projatechnology.com\/wp-content\/uploads\/2025\/04\/talleresjsan.png 150w, https:\/\/mliy0g0obm4u.i.optimole.com\/w:12\/h:12\/q:mauto\/ig:avif\/dpr:2\/https:\/\/projatechnology.com\/wp-content\/uploads\/2025\/04\/talleresjsan.png 12w\" \/><\/figure>\n<\/div>\n\n\n<h3 class=\"wp-block-heading has-text-align-center\">WORKSHOPS JOSEAN<\/h3>\n<\/div>\n\n\n\n<div class=\"wp-block-column is-layout-flow wp-block-column-is-layout-flow\"><div class=\"wp-block-image is-style-rounded\">\n<figure class=\"aligncenter size-large\"><img data-opt-id=1940147205  data-opt-src=\"https:\/\/mliy0g0obm4u.i.optimole.com\/w:1024\/h:1024\/q:mauto\/ig:avif\/https:\/\/projatechnology.com\/wp-content\/uploads\/2024\/12\/Diseno-sin-titulo.png\"  loading=\"lazy\" decoding=\"async\" width=\"1024\" height=\"1024\" src=\"data:image/svg+xml,%3Csvg%20viewBox%3D%220%200%201024%201024%22%20width%3D%221024%22%20height%3D%221024%22%20xmlns%3D%22http%3A%2F%2Fwww.w3.org%2F2000%2Fsvg%22%3E%3Crect%20width%3D%221024%22%20height%3D%221024%22%20fill%3D%22transparent%22%2F%3E%3C%2Fsvg%3E\" alt=\"\" class=\"wp-image-513\" style=\"aspect-ratio:2\/3;object-fit:contain\" old-srcset=\"https:\/\/mliy0g0obm4u.i.optimole.com\/w:1024\/h:1024\/q:mauto\/ig:avif\/https:\/\/projatechnology.com\/wp-content\/uploads\/2024\/12\/Diseno-sin-titulo.png 1024w, https:\/\/mliy0g0obm4u.i.optimole.com\/w:300\/h:300\/q:mauto\/ig:avif\/https:\/\/projatechnology.com\/wp-content\/uploads\/2024\/12\/Diseno-sin-titulo.png 300w, https:\/\/mliy0g0obm4u.i.optimole.com\/w:150\/h:150\/q:mauto\/ig:avif\/https:\/\/projatechnology.com\/wp-content\/uploads\/2024\/12\/Diseno-sin-titulo.png 150w, https:\/\/mliy0g0obm4u.i.optimole.com\/w:768\/h:768\/q:mauto\/ig:avif\/https:\/\/projatechnology.com\/wp-content\/uploads\/2024\/12\/Diseno-sin-titulo.png 768w, https:\/\/mliy0g0obm4u.i.optimole.com\/w:1080\/h:1080\/q:mauto\/ig:avif\/https:\/\/projatechnology.com\/wp-content\/uploads\/2024\/12\/Diseno-sin-titulo.png 1080w\" \/><\/figure>\n<\/div>\n\n\n<h3 class=\"wp-block-heading has-text-align-center\">ELITE SPORT<\/h3>\n\n\n\n<div style=\"height:30px\" aria-hidden=\"true\" class=\"wp-block-spacer\"><\/div>\n<\/div>\n<\/div>\n\n\n\n<h2 class=\"wp-block-heading has-text-align-center\">DIGITAL DESIGNS<\/h2>\n\n\n\n<div class=\"wp-block-columns is-layout-flex wp-container-core-columns-is-layout-9d6595d7 wp-block-columns-is-layout-flex\">\n<div class=\"wp-block-column is-layout-flow wp-block-column-is-layout-flow\"><div class=\"wp-block-image\">\n<figure class=\"aligncenter size-large is-resized\"><img data-opt-id=325997590  data-opt-src=\"https:\/\/mliy0g0obm4u.i.optimole.com\/w:723\/h:1024\/q:mauto\/ig:avif\/https:\/\/projatechnology.com\/wp-content\/uploads\/2025\/04\/IMG_5845.png\"  loading=\"lazy\" decoding=\"async\" width=\"723\" height=\"1024\" src=\"data:image/svg+xml,%3Csvg%20viewBox%3D%220%200%20723%201024%22%20width%3D%22723%22%20height%3D%221024%22%20xmlns%3D%22http%3A%2F%2Fwww.w3.org%2F2000%2Fsvg%22%3E%3Crect%20width%3D%22723%22%20height%3D%221024%22%20fill%3D%22transparent%22%2F%3E%3C%2Fsvg%3E\" alt=\"\" class=\"wp-image-1310\" style=\"width:410px;height:auto\" old-srcset=\"https:\/\/mliy0g0obm4u.i.optimole.com\/w:723\/h:1024\/q:mauto\/ig:avif\/https:\/\/projatechnology.com\/wp-content\/uploads\/2025\/04\/IMG_5845.png 723w, https:\/\/mliy0g0obm4u.i.optimole.com\/w:212\/h:300\/q:mauto\/ig:avif\/https:\/\/projatechnology.com\/wp-content\/uploads\/2025\/04\/IMG_5845.png 212w, https:\/\/mliy0g0obm4u.i.optimole.com\/w:762\/h:1080\/q:mauto\/ig:avif\/https:\/\/projatechnology.com\/wp-content\/uploads\/2025\/04\/IMG_5845.png 768w, https:\/\/mliy0g0obm4u.i.optimole.com\/w:762\/h:1080\/q:mauto\/ig:avif\/https:\/\/projatechnology.com\/wp-content\/uploads\/2025\/04\/IMG_5845.png 1084w, https:\/\/mliy0g0obm4u.i.optimole.com\/w:762\/h:1080\/q:mauto\/ig:avif\/https:\/\/projatechnology.com\/wp-content\/uploads\/2025\/04\/IMG_5845.png 1446w, https:\/\/mliy0g0obm4u.i.optimole.com\/w:8\/h:12\/q:mauto\/ig:avif\/dpr:2\/https:\/\/projatechnology.com\/wp-content\/uploads\/2025\/04\/IMG_5845.png 8w\" \/><\/figure>\n<\/div>\n\n\n<h3 class=\"wp-block-heading has-text-align-center\">AF SPORT ALLFINANCE <\/h3>\n\n\n\n<hr class=\"wp-block-separator aligncenter has-text-color has-neve-button-color-color has-css-opacity has-neve-button-color-background-color has-background is-style-default\"\/>\n\n\n\n<p class=\"has-text-align-center\">We develop a <strong>web platform interactive<\/strong> with a form optimized for the <strong>capturing customer data<\/strong> and their participation in a <strong>sweepstakes promotional<\/strong>.<br>In addition, we design a <strong>promotional poster with QR code<\/strong> to facilitate the direct access to the platform from mobile devices.<\/p>\n\n\n\n<p class=\"has-text-align-center\">A project intended to improve the connection with the customers and enhance the visibility of the brand.<\/p>\n<\/div>\n\n\n\n<div class=\"wp-block-column is-layout-flow wp-block-column-is-layout-flow\"><div class=\"wp-block-image\">\n<figure class=\"aligncenter size-large is-resized\"><img data-opt-id=1495685444  data-opt-src=\"https:\/\/mliy0g0obm4u.i.optimole.com\/w:724\/h:1024\/q:mauto\/ig:avif\/https:\/\/projatechnology.com\/wp-content\/uploads\/2025\/04\/PALA.png\"  loading=\"lazy\" decoding=\"async\" width=\"724\" height=\"1024\" src=\"data:image/svg+xml,%3Csvg%20viewBox%3D%220%200%20724%201024%22%20width%3D%22724%22%20height%3D%221024%22%20xmlns%3D%22http%3A%2F%2Fwww.w3.org%2F2000%2Fsvg%22%3E%3Crect%20width%3D%22724%22%20height%3D%221024%22%20fill%3D%22transparent%22%2F%3E%3C%2Fsvg%3E\" alt=\"\" class=\"wp-image-1311\" style=\"width:411px;height:auto\" old-srcset=\"https:\/\/mliy0g0obm4u.i.optimole.com\/w:724\/h:1024\/q:mauto\/ig:avif\/https:\/\/projatechnology.com\/wp-content\/uploads\/2025\/04\/PALA.png 724w, https:\/\/mliy0g0obm4u.i.optimole.com\/w:212\/h:300\/q:mauto\/ig:avif\/https:\/\/projatechnology.com\/wp-content\/uploads\/2025\/04\/PALA.png 212w, https:\/\/mliy0g0obm4u.i.optimole.com\/w:763\/h:1080\/q:mauto\/ig:avif\/https:\/\/projatechnology.com\/wp-content\/uploads\/2025\/04\/PALA.png 768w, https:\/\/mliy0g0obm4u.i.optimole.com\/w:763\/h:1080\/q:mauto\/ig:avif\/https:\/\/projatechnology.com\/wp-content\/uploads\/2025\/04\/PALA.png 1086w, https:\/\/mliy0g0obm4u.i.optimole.com\/w:763\/h:1080\/q:mauto\/ig:avif\/https:\/\/projatechnology.com\/wp-content\/uploads\/2025\/04\/PALA.png 1448w, https:\/\/mliy0g0obm4u.i.optimole.com\/w:8\/h:12\/q:mauto\/ig:avif\/dpr:2\/https:\/\/projatechnology.com\/wp-content\/uploads\/2025\/04\/PALA.png 8w, https:\/\/mliy0g0obm4u.i.optimole.com\/w:763\/h:1080\/q:mauto\/ig:avif\/https:\/\/projatechnology.com\/wp-content\/uploads\/2025\/04\/PALA.png 1587w\" \/><\/figure>\n<\/div>\n\n\n<h3 class=\"wp-block-heading has-text-align-center\">SUPER MOON FESTIVAL \u2013 PALATE ANDALUSIAN<\/h3>\n\n\n\n<hr class=\"wp-block-separator aligncenter has-text-color has-neve-button-color-color has-css-opacity has-neve-button-color-background-color has-background is-style-default\"\/>\n\n\n\n<p class=\"has-text-align-center\">We design and print <strong>tickets numbered custom<\/strong> for the different options in the menu (Hot Dogs, Burgers, etc...) used in the food stall Palate Andalusian during the <strong>Super Moon Festival<\/strong>. These tickets allow a <strong>better control of orders<\/strong>, a <strong>clear management of the inventory<\/strong> and <strong>make accounting easier<\/strong> at the end of each day. <\/p>\n\n\n\n<p class=\"has-text-align-center\">A practical solution and a visual to improve the efficiency in events with a large influx.<\/p>\n<\/div>\n<\/div>\n\n\n\n<p><\/p>","protected":false},"excerpt":{"rendered":"<p>PROYECTOS WEB XEREZ CD PALADAR ANDALUZ ABAREY SHOP CARNICAS LUGO VIAJES SANTA MONA TALLERES JOSEAN ELITE SPORT DISE\u00d1OS DIGITALES AF SPORT ALLFINANCE Desarrollamos una plataforma web interactiva con un formulario optimizado para la captaci\u00f3n de datos de clientes y su participaci\u00f3n en un sorteo promocional.Adem\u00e1s, dise\u00f1amos un cartel promocional con c\u00f3digo QR para facilitar el&hellip;&nbsp;<a href=\"https:\/\/projatechnology.com\/en\/15c42-web-agency-gb-portfolio\/\" rel=\"bookmark\">Read More &raquo;<span class=\"screen-reader-text\">Our works<\/span><\/a><\/p>","protected":false},"author":1,"featured_media":0,"parent":0,"menu_order":0,"comment_status":"closed","ping_status":"closed","template":"page-templates\/template-pagebuilder-full-width.php","meta":{"neve_meta_sidebar":"full-width","neve_meta_container":"","neve_meta_enable_content_width":"on","neve_meta_content_width":100,"neve_meta_title_alignment":"","neve_meta_author_avatar":"","neve_post_elements_order":"","neve_meta_disable_header":"","neve_meta_disable_footer":"","neve_meta_disable_title":"on","neve_meta_reading_time":"","_themeisle_gutenberg_block_has_review":false,"footnotes":""},"class_list":["post-69","page","type-page","status-publish","hentry"],"_links":{"self":[{"href":"https:\/\/projatechnology.com\/en\/wp-json\/wp\/v2\/pages\/69","targetHints":{"allow":["GET"]}}],"collection":[{"href":"https:\/\/projatechnology.com\/en\/wp-json\/wp\/v2\/pages"}],"about":[{"href":"https:\/\/projatechnology.com\/en\/wp-json\/wp\/v2\/types\/page"}],"author":[{"embeddable":true,"href":"https:\/\/projatechnology.com\/en\/wp-json\/wp\/v2\/users\/1"}],"replies":[{"embeddable":true,"href":"https:\/\/projatechnology.com\/en\/wp-json\/wp\/v2\/comments?post=69"}],"version-history":[{"count":11,"href":"https:\/\/projatechnology.com\/en\/wp-json\/wp\/v2\/pages\/69\/revisions"}],"predecessor-version":[{"id":1313,"href":"https:\/\/projatechnology.com\/en\/wp-json\/wp\/v2\/pages\/69\/revisions\/1313"}],"wp:attachment":[{"href":"https:\/\/projatechnology.com\/en\/wp-json\/wp\/v2\/media?parent=69"}],"curies":[{"name":"wp","href":"https:\/\/api.w.org\/{rel}","templated":true}]}}