{"id":71,"date":"2020-01-27T08:15:05","date_gmt":"2020-01-27T08:15:05","guid":{"rendered":"https:\/\/demosites.io\/web-agency-gb\/?page_id=71"},"modified":"2024-12-19T23:23:23","modified_gmt":"2024-12-19T23:23:23","slug":"15c42-web-agency-gb-portfolio-single","status":"publish","type":"page","link":"https:\/\/projatechnology.com\/en\/15c42-web-agency-gb-portfolio-single\/","title":{"rendered":"Our Blog"},"content":{"rendered":"<div style=\"height:51px\" aria-hidden=\"true\" class=\"wp-block-spacer\"><\/div>\n\n\n\n<h2 class=\"wp-block-heading has-text-align-center\">OUR BLOG<\/h2>\n\n\n\n<p class=\"has-text-align-center\">Here you will find the content interesting, useful, and entertaining on a variety of topics. We are passionate about sharing knowledge and experiences with you, and we hope that you enjoy each publication<\/p>\n\n\n\n<div style=\"height:59px\" aria-hidden=\"true\" class=\"wp-block-spacer\"><\/div>\n\n\n\n<div class=\"wp-block-query is-style-tiled is-layout-flow wp-block-query-is-layout-flow\"><ul class=\"wp-block-post-template is-layout-flow wp-block-post-template-is-layout-flow\"><li class=\"wp-block-post post-620 post type-post status-publish format-standard has-post-thumbnail hentry category-uncategorized\">\n<figure style=\"aspect-ratio:16\/9; padding-top:0;padding-bottom:0;\" class=\"alignwide wp-block-post-featured-image\"><a href=\"https:\/\/projatechnology.com\/en\/kit-digital-para-autonomos-impulsa-la-digitalizacion-de-tu-negocio\/\" target=\"_self\"  ><img data-opt-id=243411198  fetchpriority=\"high\" decoding=\"async\" width=\"772\" height=\"434\" src=\"https:\/\/mliy0g0obm4u.i.optimole.com\/w:auto\/h:auto\/q:mauto\/ig:avif\/https:\/\/projatechnology.com\/wp-content\/uploads\/2024\/12\/KIT-DIGITAL-Logo-772x434-1.jpg\" class=\"attachment-post-thumbnail size-post-thumbnail wp-post-image\" alt=\"Kit Digital para Aut\u00f3nomos: Impulsa la Digitalizaci\u00f3n de tu Negocio\" style=\"width:100%;height:100%;object-fit:cover;\" srcset=\"https:\/\/mliy0g0obm4u.i.optimole.com\/w:772\/h:434\/q:mauto\/ig:avif\/https:\/\/projatechnology.com\/wp-content\/uploads\/2024\/12\/KIT-DIGITAL-Logo-772x434-1.jpg 772w, https:\/\/mliy0g0obm4u.i.optimole.com\/w:300\/h:169\/q:mauto\/ig:avif\/https:\/\/projatechnology.com\/wp-content\/uploads\/2024\/12\/KIT-DIGITAL-Logo-772x434-1.jpg 300w, https:\/\/mliy0g0obm4u.i.optimole.com\/w:768\/h:432\/q:mauto\/ig:avif\/https:\/\/projatechnology.com\/wp-content\/uploads\/2024\/12\/KIT-DIGITAL-Logo-772x434-1.jpg 768w\" sizes=\"(max-width: 772px) 100vw, 772px\" \/><span class=\"wp-block-post-featured-image__overlay has-background-dim has-background-dim-10\" style=\"\" aria-hidden=\"true\"><\/span><\/a><\/figure>\n\n<h2 class=\"has-text-align-center has-link-color wp-elements-51bb24e20253c410c44491a92adee4c1 wp-block-post-title has-text-color has-nv-c-1-color\">Kit Digital for the Self-employed: driving the Digitization of your Business<\/h2>\n\n<div class=\"wp-block-post-excerpt\"><p class=\"wp-block-post-excerpt__excerpt\">Kit Digital for the Self-employed: driving the Digitization of your Business In the digital age, the technological transformation that is essential to the competitiveness and growth of any business. Kit Digital is an initiative of the Government of Spain designed to help small businesses, micro-enterprises and self-employed persons to adapt to the latest technological developments.... <\/p><\/div>\n\n\n<hr class=\"wp-block-separator has-css-opacity\"\/>\n\n\n<div class=\"wp-block-post-date\"><time datetime=\"2024-12-19T23:20:48+00:00\">December 19, 2024<\/time><\/div>\n<\/li><li class=\"wp-block-post post-613 post type-post status-publish format-standard has-post-thumbnail hentry category-uncategorized\">\n<figure style=\"aspect-ratio:16\/9; padding-top:0;padding-bottom:0;\" class=\"alignwide wp-block-post-featured-image\"><a href=\"https:\/\/projatechnology.com\/en\/ventajas-de-vender-en-amazon-impulse-su-negocio-en-la-mayor-plataforma-de-comercio-electronico\/\" target=\"_self\"  ><img data-opt-id=1094840381  fetchpriority=\"high\" decoding=\"async\" width=\"1280\" height=\"910\" src=\"https:\/\/mliy0g0obm4u.i.optimole.com\/w:auto\/h:auto\/q:mauto\/ig:avif\/https:\/\/projatechnology.com\/wp-content\/uploads\/2024\/12\/e-commerce-1606962_1280.png\" class=\"attachment-post-thumbnail size-post-thumbnail wp-post-image\" alt=\"Ventajas de Vender en Amazon: Impulse su Negocio en la Mayor Plataforma de Comercio Electr\u00f3nico\" style=\"width:100%;height:100%;object-fit:cover;\" srcset=\"https:\/\/mliy0g0obm4u.i.optimole.com\/w:1280\/h:910\/q:mauto\/ig:avif\/https:\/\/projatechnology.com\/wp-content\/uploads\/2024\/12\/e-commerce-1606962_1280.png 1280w, https:\/\/mliy0g0obm4u.i.optimole.com\/w:300\/h:213\/q:mauto\/ig:avif\/https:\/\/projatechnology.com\/wp-content\/uploads\/2024\/12\/e-commerce-1606962_1280.png 300w, https:\/\/mliy0g0obm4u.i.optimole.com\/w:1024\/h:728\/q:mauto\/ig:avif\/https:\/\/projatechnology.com\/wp-content\/uploads\/2024\/12\/e-commerce-1606962_1280.png 1024w, https:\/\/mliy0g0obm4u.i.optimole.com\/w:768\/h:546\/q:mauto\/ig:avif\/https:\/\/projatechnology.com\/wp-content\/uploads\/2024\/12\/e-commerce-1606962_1280.png 768w\" sizes=\"(max-width: 1200px) 100vw, 1200px\" \/><span class=\"wp-block-post-featured-image__overlay has-background-dim has-background-dim-10\" style=\"\" aria-hidden=\"true\"><\/span><\/a><\/figure>\n\n<h2 class=\"has-text-align-center has-link-color wp-elements-51bb24e20253c410c44491a92adee4c1 wp-block-post-title has-text-color has-nv-c-1-color\">Advantages of Selling on Amazon: Boost your Business in the Largest e-Commerce Platform<\/h2>\n\n<div class=\"wp-block-post-excerpt\"><p class=\"wp-block-post-excerpt__excerpt\">In the field of e-commerce, Amazon has established itself as one of the platforms most popular and biggest. Sell on Amazon offers a number of advantages that can help the businesses to grow and reach new markets. Below, are some of the main advantages of selling on Amazon Global Reach Amazon... <\/p><\/div>\n\n\n<hr class=\"wp-block-separator has-css-opacity\"\/>\n\n\n<div class=\"wp-block-post-date\"><time datetime=\"2024-12-19T23:02:26+00:00\">December 19, 2024<\/time><\/div>\n<\/li><\/ul><\/div>\n\n\n\n<h3 class=\"wp-block-heading has-text-align-center\">Other entries in our Blog<\/h3>\n\n\n<div class=\"is-style-tiled wp-block-themeisle-blocks-posts-grid\" id=\"wp-block-themeisle-blocks-posts-grid-aa7d5488\"><div class=\"is-grid o-posts-grid-columns-3\"><div class=\"o-posts-grid-post-blog o-posts-grid-post-plain\" style=\"background-image: url(https:\/\/mliy0g0obm4u.i.optimole.com\/w:auto\/h:auto\/q:mauto\/ig:avif\/https:\/\/projatechnology.com\/wp-content\/uploads\/2024\/12\/KIT-DIGITAL-Logo-772x434-1.jpg); background-size: cover; background-position: center center;\"><div class=\"o-posts-grid-post\"><div class=\"o-posts-grid-post-body\"><span class=\"o-posts-grid-post-category\"><a href=\"https:\/\/projatechnology.com\/en\/category\/uncategorized\/\">Uncategorized<\/a><\/span><h3 class=\"o-posts-grid-post-title\"><a href=\"https:\/\/projatechnology.com\/en\/kit-digital-para-autonomos-impulsa-la-digitalizacion-de-tu-negocio\/\">Kit Digital for the Self-employed: driving the Digitization of your Business<\/a><\/h3><p class=\"o-posts-grid-post-meta\">Posted on <time datetime=\"2024-12-19T23:20:48+00:00\">December 19, 2024<\/time> by <a href=\"https:\/\/projatechnology.com\/en\/author\/japrotechnologyhotmail-com\/\">Admin.Projatechnology<\/a><\/p><div class=\"o-posts-grid-post-description\"><p>Kit Digital for the Self-employed: driving the Digitization of your Business In the digital age, the tra...<\/p><\/div><\/div><\/div><\/div><div class=\"o-posts-grid-post-blog o-posts-grid-post-plain\" style=\"background-image: url(https:\/\/mliy0g0obm4u.i.optimole.com\/w:auto\/h:auto\/q:mauto\/ig:avif\/https:\/\/projatechnology.com\/wp-content\/uploads\/2024\/12\/e-commerce-1606962_1280.png); background-size: cover; background-position: center center;\"><div class=\"o-posts-grid-post\"><div class=\"o-posts-grid-post-body\"><span class=\"o-posts-grid-post-category\"><a href=\"https:\/\/projatechnology.com\/en\/category\/uncategorized\/\">Uncategorized<\/a><\/span><h3 class=\"o-posts-grid-post-title\"><a href=\"https:\/\/projatechnology.com\/en\/ventajas-de-vender-en-amazon-impulse-su-negocio-en-la-mayor-plataforma-de-comercio-electronico\/\">Advantages of Selling on Amazon: Boost your Business in the Largest e-Commerce Platform<\/a><\/h3><p class=\"o-posts-grid-post-meta\">Posted on <time datetime=\"2024-12-19T23:02:26+00:00\">December 19, 2024<\/time> by <a href=\"https:\/\/projatechnology.com\/en\/author\/japrotechnologyhotmail-com\/\">Admin.Projatechnology<\/a><\/p><div class=\"o-posts-grid-post-description\"><p>In the field of e-commerce, Amazon has established itself as one of the platforms more great...<\/p><\/div><\/div><\/div><\/div><div class=\"o-posts-grid-post-blog o-posts-grid-post-plain\" style=\"background-image: url(https:\/\/mliy0g0obm4u.i.optimole.com\/w:auto\/h:auto\/q:mauto\/ig:avif\/https:\/\/projatechnology.com\/wp-content\/uploads\/2024\/12\/chef-5805674_1280.png); background-size: cover; background-position: center center;\"><div class=\"o-posts-grid-post\"><div class=\"o-posts-grid-post-body\"><span class=\"o-posts-grid-post-category\"><a href=\"https:\/\/projatechnology.com\/en\/category\/uncategorized\/\">Uncategorized<\/a><\/span><h3 class=\"o-posts-grid-post-title\"><a href=\"https:\/\/projatechnology.com\/en\/la-importancia-de-tener-una-pagina-web-para-tu-restaurante\/\">The Importance of Having a Website for your Restaurant<\/a><\/h3><p class=\"o-posts-grid-post-meta\">Posted on <time datetime=\"2024-12-19T22:49:49+00:00\">December 19, 2024<\/time> by <a href=\"https:\/\/projatechnology.com\/en\/author\/japrotechnologyhotmail-com\/\">Admin.Projatechnology<\/a><\/p><div class=\"o-posts-grid-post-description\"><p>In the digital age, having an online presence is essential to any business, and the res...<\/p><\/div><\/div><\/div><\/div><div class=\"o-posts-grid-post-blog o-posts-grid-post-plain\" style=\"background-image: url(https:\/\/mliy0g0obm4u.i.optimole.com\/w:auto\/h:auto\/q:mauto\/ig:avif\/https:\/\/projatechnology.com\/wp-content\/uploads\/2024\/12\/freepik-export-2024121823312088YG-scaled.jpeg); background-size: cover; background-position: center center;\"><div class=\"o-posts-grid-post\"><div class=\"o-posts-grid-post-body\"><span class=\"o-posts-grid-post-category\"><a href=\"https:\/\/projatechnology.com\/en\/category\/uncategorized\/\">Uncategorized<\/a><\/span><h3 class=\"o-posts-grid-post-title\"><a href=\"https:\/\/projatechnology.com\/en\/wordpress-o-prestashop-cual-es-mejor-para-hacer-una-web\/\">WordPress or PrestaShop: What is better to make a website?<\/a><\/h3><p class=\"o-posts-grid-post-meta\">Posted on <time datetime=\"2024-12-18T23:36:20+00:00\">December 18, 2024<\/time> by <a href=\"https:\/\/projatechnology.com\/en\/author\/japrotechnologyhotmail-com\/\">Admin.Projatechnology<\/a><\/p><div class=\"o-posts-grid-post-description\"><p>If you have reached here, it is likely that you are considering to create a new web page or open...<\/p><\/div><\/div><\/div><\/div><\/div> <\/div>\n\n\n<p><\/p>","protected":false},"excerpt":{"rendered":"<p>NUESTRO BLOG Aqu\u00ed encontrar\u00e1s contenido interesante, \u00fatil y entretenido sobre una variedad de temas. Nos apasiona compartir conocimientos y experiencias contigo, y esperamos que disfrutes cada publicaci\u00f3n Otras entradas de nuestro Blog<\/p>","protected":false},"author":1,"featured_media":0,"parent":0,"menu_order":0,"comment_status":"closed","ping_status":"closed","template":"","meta":{"neve_meta_sidebar":"default","neve_meta_container":"","neve_meta_enable_content_width":"on","neve_meta_content_width":100,"neve_meta_title_alignment":"","neve_meta_author_avatar":"","neve_post_elements_order":"","neve_meta_disable_header":"","neve_meta_disable_footer":"","neve_meta_disable_title":"on","neve_meta_reading_time":"","_themeisle_gutenberg_block_has_review":false,"footnotes":""},"class_list":["post-71","page","type-page","status-publish","hentry"],"_links":{"self":[{"href":"https:\/\/projatechnology.com\/en\/wp-json\/wp\/v2\/pages\/71","targetHints":{"allow":["GET"]}}],"collection":[{"href":"https:\/\/projatechnology.com\/en\/wp-json\/wp\/v2\/pages"}],"about":[{"href":"https:\/\/projatechnology.com\/en\/wp-json\/wp\/v2\/types\/page"}],"author":[{"embeddable":true,"href":"https:\/\/projatechnology.com\/en\/wp-json\/wp\/v2\/users\/1"}],"replies":[{"embeddable":true,"href":"https:\/\/projatechnology.com\/en\/wp-json\/wp\/v2\/comments?post=71"}],"version-history":[{"count":11,"href":"https:\/\/projatechnology.com\/en\/wp-json\/wp\/v2\/pages\/71\/revisions"}],"predecessor-version":[{"id":597,"href":"https:\/\/projatechnology.com\/en\/wp-json\/wp\/v2\/pages\/71\/revisions\/597"}],"wp:attachment":[{"href":"https:\/\/projatechnology.com\/en\/wp-json\/wp\/v2\/media?parent=71"}],"curies":[{"name":"wp","href":"https:\/\/api.w.org\/{rel}","templated":true}]}}